{"id":10,"date":"2020-01-29T19:42:14","date_gmt":"2020-01-29T18:42:14","guid":{"rendered":"https:\/\/tcvp10.donbosco-tahiti.pf\/?page_id=10"},"modified":"2020-02-05T19:34:04","modified_gmt":"2020-02-05T18:34:04","slug":"superentreprise","status":"publish","type":"page","link":"https:\/\/tcvp10.donbosco-tahiti.pf\/","title":{"rendered":"Accueil"},"content":{"rendered":"\n<p>TahitiPose est au service de ses clients depuis 1979. Nous cr\u00e9ons des services innovants pour vous aider \u00e0 r\u00e9aliser le plein potentiel de vos projets!<\/p>\n","protected":false},"excerpt":{"rendered":"<p>TahitiPose est au service de ses clients depuis 1979. Nous cr\u00e9ons des services innovants pour&#8230;<\/p>\n","protected":false},"author":2,"featured_media":0,"parent":0,"menu_order":0,"comment_status":"closed","ping_status":"closed","template":"","meta":[],"_links":{"self":[{"href":"https:\/\/tcvp10.donbosco-tahiti.pf\/index.php?rest_route=\/wp\/v2\/pages\/10"}],"collection":[{"href":"https:\/\/tcvp10.donbosco-tahiti.pf\/index.php?rest_route=\/wp\/v2\/pages"}],"about":[{"href":"https:\/\/tcvp10.donbosco-tahiti.pf\/index.php?rest_route=\/wp\/v2\/types\/page"}],"author":[{"embeddable":true,"href":"https:\/\/tcvp10.donbosco-tahiti.pf\/index.php?rest_route=\/wp\/v2\/users\/2"}],"replies":[{"embeddable":true,"href":"https:\/\/tcvp10.donbosco-tahiti.pf\/index.php?rest_route=%2Fwp%2Fv2%2Fcomments&post=10"}],"version-history":[{"count":4,"href":"https:\/\/tcvp10.donbosco-tahiti.pf\/index.php?rest_route=\/wp\/v2\/pages\/10\/revisions"}],"predecessor-version":[{"id":31,"href":"https:\/\/tcvp10.donbosco-tahiti.pf\/index.php?rest_route=\/wp\/v2\/pages\/10\/revisions\/31"}],"wp:attachment":[{"href":"https:\/\/tcvp10.donbosco-tahiti.pf\/index.php?rest_route=%2Fwp%2Fv2%2Fmedia&parent=10"}],"curies":[{"name":"wp","href":"https:\/\/api.w.org\/{rel}","templated":true}]}}